{"id":18,"date":"2023-12-20T14:42:00","date_gmt":"2023-12-20T13:42:00","guid":{"rendered":"http:\/\/www.au-pair.blog\/?page_id=18"},"modified":"2023-12-20T14:11:51","modified_gmt":"2023-12-20T13:11:51","slug":"was-ist-eine-gastfamilie","status":"publish","type":"page","link":"https:\/\/www.au-pair.blog\/de\/was-ist-eine-gastfamilie\/","title":{"rendered":"Was ist eine Gastfamilie?"},"content":{"rendered":"<p>Eine Gastfamilie ist eine Familie, die nach einer flexiblen und vertrauensw\u00fcrdigen Kinderbetreuung sucht und eine junge Person aus einem anderen Land einl\u00e4dt, um auf die Kinder aufzupassen.<\/p>\n<p>Die Familie erlebt f\u00fcr ein paar Monate, ein Jahr oder auch zwei Jahre einen <img loading=\"lazy\" decoding=\"async\" class=\"wp-image-205 alignright\" src=\"http:\/\/www.au-pair.blog\/wp-content\/uploads\/2017\/09\/Family-aupair.jpg\" alt=\"\" width=\"385\" height=\"317\" \/>Kulturaustausch und gewinnt zudem ein neues Familienmitglied. Diese Erfahrung wird den Eltern und den Kindern helfen, offener gegen\u00fcber anderen L\u00e4ndern, Sprachen, Kulturen und auch Religionen zu werden und erweitert ihren Horizont.<\/p>\n<p>Die Gastfamilie stellt dem Au Pair ein eigenes Zimmer, volle Verpflegung und Taschengeld, In manchen L\u00e4ndern zahlt die Gastfamilie zus\u00e4tzlich auch die Versicherung des Au Pairs, in anderen ist das Au Pair selbst daf\u00fcr verantwortlich, diese Kosten zu tragen.<br \/>\nAls Gastfamilie akzeptieren die Eltern und die Kinder jemandem aus dem Ausland als Familienmitglied und sorgen daf\u00fcr, dass sich diese Person zuhause f\u00fchlt. Sie unterst\u00fctzen sie bei allem, um sich an die neue Umgebung zu gew\u00f6hnen.<\/p>\n<p><a href=\"https:\/\/www.aupair.com\/en\/p-host-family-responsibilites.php\" target=\"_blank\" rel=\"noopener\">Hier findet ihr mehr Informationen f\u00fcr Gastfamilien.<\/a><\/p>\n","protected":false},"excerpt":{"rendered":"<p>Eine Gastfamilie ist eine Familie, die nach einer flexiblen und vertrauensw\u00fcrdigen Kinderbetreuung sucht und eine junge Person aus einem anderen Land einl\u00e4dt, um auf die Kinder aufzupassen. Die Familie erlebt f\u00fcr ein paar Monate, ein Jahr oder auch zwei Jahre einen Kulturaustausch und gewinnt zudem ein neues Familienmitglied. Diese Erfahrung wird den Eltern und den [&hellip;]<\/p>\n","protected":false},"author":4,"featured_media":0,"parent":0,"menu_order":0,"comment_status":"closed","ping_status":"closed","template":"","meta":{"footnotes":""},"class_list":["post-18","page","type-page","status-publish","hentry"],"yoast_head":"<!-- This site is optimized with the Yoast SEO plugin v25.0 - https:\/\/yoast.com\/wordpress\/plugins\/seo\/ -->\n<title>Was ist eine Gastfamilie? - Au-Pair .Blog<\/title>\n<meta name=\"robots\" content=\"index, follow, max-snippet:-1, max-image-preview:large, max-video-preview:-1\" \/>\n<link rel=\"canonical\" href=\"http:\/\/www.au-pair.blog\/de\/was-ist-eine-gastfamilie\/\" \/>\n<meta property=\"og:locale\" content=\"de_DE\" \/>\n<meta property=\"og:type\" content=\"article\" \/>\n<meta property=\"og:title\" content=\"Was ist eine Gastfamilie? - Au-Pair .Blog\" \/>\n<meta property=\"og:description\" content=\"Eine Gastfamilie ist eine Familie, die nach einer flexiblen und vertrauensw\u00fcrdigen Kinderbetreuung sucht und eine junge Person aus einem anderen Land einl\u00e4dt, um auf die Kinder aufzupassen. Die Familie erlebt f\u00fcr ein paar Monate, ein Jahr oder auch zwei Jahre einen Kulturaustausch und gewinnt zudem ein neues Familienmitglied. Diese Erfahrung wird den Eltern und den [&hellip;]\" \/>\n<meta property=\"og:url\" content=\"http:\/\/www.au-pair.blog\/de\/was-ist-eine-gastfamilie\/\" \/>\n<meta property=\"og:site_name\" content=\"Au-Pair .Blog\" \/>\n<meta property=\"og:image\" content=\"http:\/\/www.au-pair.blog\/wp-content\/uploads\/2017\/09\/Family-aupair.jpg\" \/>\n<meta name=\"twitter:card\" content=\"summary_large_image\" \/>\n<meta name=\"twitter:label1\" content=\"Gesch\u00e4tzte Lesezeit\" \/>\n\t<meta name=\"twitter:data1\" content=\"1\u00a0Minute\" \/>\n<script type=\"application\/ld+json\" class=\"yoast-schema-graph\">{\"@context\":\"https:\/\/schema.org\",\"@graph\":[{\"@type\":\"WebPage\",\"@id\":\"http:\/\/www.au-pair.blog\/de\/was-ist-eine-gastfamilie\/\",\"url\":\"http:\/\/www.au-pair.blog\/de\/was-ist-eine-gastfamilie\/\",\"name\":\"Was ist eine Gastfamilie? - Au-Pair .Blog\",\"isPartOf\":{\"@id\":\"http:\/\/www.au-pair.blog\/#website\"},\"primaryImageOfPage\":{\"@id\":\"http:\/\/www.au-pair.blog\/de\/was-ist-eine-gastfamilie\/#primaryimage\"},\"image\":{\"@id\":\"http:\/\/www.au-pair.blog\/de\/was-ist-eine-gastfamilie\/#primaryimage\"},\"thumbnailUrl\":\"http:\/\/www.au-pair.blog\/wp-content\/uploads\/2017\/09\/Family-aupair.jpg\",\"datePublished\":\"2023-12-20T13:42:00+00:00\",\"breadcrumb\":{\"@id\":\"http:\/\/www.au-pair.blog\/de\/was-ist-eine-gastfamilie\/#breadcrumb\"},\"inLanguage\":\"de\",\"potentialAction\":[{\"@type\":\"ReadAction\",\"target\":[\"http:\/\/www.au-pair.blog\/de\/was-ist-eine-gastfamilie\/\"]}]},{\"@type\":\"ImageObject\",\"inLanguage\":\"de\",\"@id\":\"http:\/\/www.au-pair.blog\/de\/was-ist-eine-gastfamilie\/#primaryimage\",\"url\":\"http:\/\/www.au-pair.blog\/wp-content\/uploads\/2017\/09\/Family-aupair.jpg\",\"contentUrl\":\"http:\/\/www.au-pair.blog\/wp-content\/uploads\/2017\/09\/Family-aupair.jpg\"},{\"@type\":\"BreadcrumbList\",\"@id\":\"http:\/\/www.au-pair.blog\/de\/was-ist-eine-gastfamilie\/#breadcrumb\",\"itemListElement\":[{\"@type\":\"ListItem\",\"position\":1,\"name\":\"Startseite\",\"item\":\"http:\/\/www.au-pair.blog\/\"},{\"@type\":\"ListItem\",\"position\":2,\"name\":\"Was ist eine Gastfamilie?\"}]},{\"@type\":\"WebSite\",\"@id\":\"http:\/\/www.au-pair.blog\/#website\",\"url\":\"http:\/\/www.au-pair.blog\/\",\"name\":\"Au-Pair .Blog\",\"description\":\"Alles f\u00fcr Gastfamilien, die mit einem Au Pair leben\",\"potentialAction\":[{\"@type\":\"SearchAction\",\"target\":{\"@type\":\"EntryPoint\",\"urlTemplate\":\"http:\/\/www.au-pair.blog\/?s={search_term_string}\"},\"query-input\":{\"@type\":\"PropertyValueSpecification\",\"valueRequired\":true,\"valueName\":\"search_term_string\"}}],\"inLanguage\":\"de\"}]}<\/script>\n<!-- \/ Yoast SEO plugin. -->","yoast_head_json":{"title":"Was ist eine Gastfamilie? - Au-Pair .Blog","robots":{"index":"index","follow":"follow","max-snippet":"max-snippet:-1","max-image-preview":"max-image-preview:large","max-video-preview":"max-video-preview:-1"},"canonical":"http:\/\/www.au-pair.blog\/de\/was-ist-eine-gastfamilie\/","og_locale":"de_DE","og_type":"article","og_title":"Was ist eine Gastfamilie? - Au-Pair .Blog","og_description":"Eine Gastfamilie ist eine Familie, die nach einer flexiblen und vertrauensw\u00fcrdigen Kinderbetreuung sucht und eine junge Person aus einem anderen Land einl\u00e4dt, um auf die Kinder aufzupassen. Die Familie erlebt f\u00fcr ein paar Monate, ein Jahr oder auch zwei Jahre einen Kulturaustausch und gewinnt zudem ein neues Familienmitglied. Diese Erfahrung wird den Eltern und den [&hellip;]","og_url":"http:\/\/www.au-pair.blog\/de\/was-ist-eine-gastfamilie\/","og_site_name":"Au-Pair .Blog","og_image":[{"url":"http:\/\/www.au-pair.blog\/wp-content\/uploads\/2017\/09\/Family-aupair.jpg","type":"","width":"","height":""}],"twitter_card":"summary_large_image","twitter_misc":{"Gesch\u00e4tzte Lesezeit":"1\u00a0Minute"},"schema":{"@context":"https:\/\/schema.org","@graph":[{"@type":"WebPage","@id":"http:\/\/www.au-pair.blog\/de\/was-ist-eine-gastfamilie\/","url":"http:\/\/www.au-pair.blog\/de\/was-ist-eine-gastfamilie\/","name":"Was ist eine Gastfamilie? - Au-Pair .Blog","isPartOf":{"@id":"http:\/\/www.au-pair.blog\/#website"},"primaryImageOfPage":{"@id":"http:\/\/www.au-pair.blog\/de\/was-ist-eine-gastfamilie\/#primaryimage"},"image":{"@id":"http:\/\/www.au-pair.blog\/de\/was-ist-eine-gastfamilie\/#primaryimage"},"thumbnailUrl":"http:\/\/www.au-pair.blog\/wp-content\/uploads\/2017\/09\/Family-aupair.jpg","datePublished":"2023-12-20T13:42:00+00:00","breadcrumb":{"@id":"http:\/\/www.au-pair.blog\/de\/was-ist-eine-gastfamilie\/#breadcrumb"},"inLanguage":"de","potentialAction":[{"@type":"ReadAction","target":["http:\/\/www.au-pair.blog\/de\/was-ist-eine-gastfamilie\/"]}]},{"@type":"ImageObject","inLanguage":"de","@id":"http:\/\/www.au-pair.blog\/de\/was-ist-eine-gastfamilie\/#primaryimage","url":"http:\/\/www.au-pair.blog\/wp-content\/uploads\/2017\/09\/Family-aupair.jpg","contentUrl":"http:\/\/www.au-pair.blog\/wp-content\/uploads\/2017\/09\/Family-aupair.jpg"},{"@type":"BreadcrumbList","@id":"http:\/\/www.au-pair.blog\/de\/was-ist-eine-gastfamilie\/#breadcrumb","itemListElement":[{"@type":"ListItem","position":1,"name":"Startseite","item":"http:\/\/www.au-pair.blog\/"},{"@type":"ListItem","position":2,"name":"Was ist eine Gastfamilie?"}]},{"@type":"WebSite","@id":"http:\/\/www.au-pair.blog\/#website","url":"http:\/\/www.au-pair.blog\/","name":"Au-Pair .Blog","description":"Alles f\u00fcr Gastfamilien, die mit einem Au Pair leben","potentialAction":[{"@type":"SearchAction","target":{"@type":"EntryPoint","urlTemplate":"http:\/\/www.au-pair.blog\/?s={search_term_string}"},"query-input":{"@type":"PropertyValueSpecification","valueRequired":true,"valueName":"search_term_string"}}],"inLanguage":"de"}]}},"_links":{"self":[{"href":"https:\/\/www.au-pair.blog\/de\/wp-json\/wp\/v2\/pages\/18","targetHints":{"allow":["GET"]}}],"collection":[{"href":"https:\/\/www.au-pair.blog\/de\/wp-json\/wp\/v2\/pages"}],"about":[{"href":"https:\/\/www.au-pair.blog\/de\/wp-json\/wp\/v2\/types\/page"}],"author":[{"embeddable":true,"href":"https:\/\/www.au-pair.blog\/de\/wp-json\/wp\/v2\/users\/4"}],"replies":[{"embeddable":true,"href":"https:\/\/www.au-pair.blog\/de\/wp-json\/wp\/v2\/comments?post=18"}],"version-history":[{"count":3,"href":"https:\/\/www.au-pair.blog\/de\/wp-json\/wp\/v2\/pages\/18\/revisions"}],"predecessor-version":[{"id":300,"href":"https:\/\/www.au-pair.blog\/de\/wp-json\/wp\/v2\/pages\/18\/revisions\/300"}],"wp:attachment":[{"href":"https:\/\/www.au-pair.blog\/de\/wp-json\/wp\/v2\/media?parent=18"}],"curies":[{"name":"wp","href":"https:\/\/api.w.org\/{rel}","templated":true}]}}