{"id":23,"date":"2017-06-23T14:45:21","date_gmt":"2017-06-23T12:45:21","guid":{"rendered":"http:\/\/www.au-pair.blog\/?page_id=23"},"modified":"2023-12-19T14:47:01","modified_gmt":"2023-12-19T13:47:01","slug":"ueber-uns","status":"publish","type":"page","link":"http:\/\/www.au-pair.blog\/de\/ueber-uns\/","title":{"rendered":"\u00dcber uns"},"content":{"rendered":"<p>Der Inhalt dieses Blogs f\u00fcr Gastfamilien wird von der Online Matching Agentur AuPair.com geschrieben und produziert.<\/p>\n<p>Auf AuPair.com k\u00f6nnen sich Gastfamilien registrieren, ein Profil erstellen und weltweit nach einem Au Pair suchen.<\/p>\n<p>Durch t\u00e4gliche Anrufe und Emails kennen wir die Themen, die Gastfamilien wichtig sind. Dabei geht es nicht nur darum, wie das perfekte Au Pair Zimmer aussehen sollte oder wie viel Taschengeld ein Au Pair verdient, sondern auch um Themen wie Essst\u00f6rungen, Fehlverhalten des Au Pairs und wie man den Umgang der Kinder mit Au Pair verbessert.<\/p>\n<p>Wir versuchen, alle Themen abzudecken. Sollte euch etwas auf dem Herzen liegen und ihr h\u00e4ttet gerne zu diesem Thema einen Artikel, k\u00f6nnt ihr uns gerne kontaktieren.<\/p>\n<p>&nbsp;<\/p>\n<p style=\"text-align: center;\"><a href=\"https:\/\/www.aupair.com\/de\" target=\"_blank\" rel=\"noopener\"><img loading=\"lazy\" decoding=\"async\" class=\"alignnone wp-image-196 \" src=\"http:\/\/www.au-pair.blog\/wp-content\/uploads\/2017\/09\/logoGENERAL-300x58.png\" alt=\"\" width=\"367\" height=\"71\" srcset=\"http:\/\/www.au-pair.blog\/wp-content\/uploads\/2017\/09\/logoGENERAL-300x58.png 300w, http:\/\/www.au-pair.blog\/wp-content\/uploads\/2017\/09\/logoGENERAL-120x23.png 120w, http:\/\/www.au-pair.blog\/wp-content\/uploads\/2017\/09\/logoGENERAL-460x88.png 460w, http:\/\/www.au-pair.blog\/wp-content\/uploads\/2017\/09\/logoGENERAL.png 515w\" sizes=\"auto, (max-width: 367px) 100vw, 367px\" \/><\/a><\/p>\n","protected":false},"excerpt":{"rendered":"<p>Der Inhalt dieses Blogs f\u00fcr Gastfamilien wird von der Online Matching Agentur AuPair.com geschrieben und produziert. Auf AuPair.com k\u00f6nnen sich Gastfamilien registrieren, ein Profil erstellen und weltweit nach einem Au Pair suchen. Durch t\u00e4gliche Anrufe und Emails kennen wir die Themen, die Gastfamilien wichtig sind. Dabei geht es nicht nur darum, wie das perfekte Au [&hellip;]<\/p>\n","protected":false},"author":4,"featured_media":0,"parent":0,"menu_order":0,"comment_status":"closed","ping_status":"closed","template":"","meta":{"footnotes":""},"class_list":["post-23","page","type-page","status-publish","hentry"],"yoast_head":"<!-- This site is optimized with the Yoast SEO plugin v25.0 - https:\/\/yoast.com\/wordpress\/plugins\/seo\/ -->\n<title>\u00dcber uns - Au-Pair .Blog<\/title>\n<meta name=\"robots\" content=\"index, follow, max-snippet:-1, max-image-preview:large, max-video-preview:-1\" \/>\n<link rel=\"canonical\" href=\"http:\/\/www.au-pair.blog\/de\/ueber-uns\/\" \/>\n<meta property=\"og:locale\" content=\"de_DE\" \/>\n<meta property=\"og:type\" content=\"article\" \/>\n<meta property=\"og:title\" content=\"\u00dcber uns - Au-Pair .Blog\" \/>\n<meta property=\"og:description\" content=\"Der Inhalt dieses Blogs f\u00fcr Gastfamilien wird von der Online Matching Agentur AuPair.com geschrieben und produziert. Auf AuPair.com k\u00f6nnen sich Gastfamilien registrieren, ein Profil erstellen und weltweit nach einem Au Pair suchen. Durch t\u00e4gliche Anrufe und Emails kennen wir die Themen, die Gastfamilien wichtig sind. Dabei geht es nicht nur darum, wie das perfekte Au [&hellip;]\" \/>\n<meta property=\"og:url\" content=\"http:\/\/www.au-pair.blog\/de\/ueber-uns\/\" \/>\n<meta property=\"og:site_name\" content=\"Au-Pair .Blog\" \/>\n<meta property=\"article:modified_time\" content=\"2023-12-19T13:47:01+00:00\" \/>\n<meta property=\"og:image\" content=\"http:\/\/www.au-pair.blog\/wp-content\/uploads\/2017\/09\/logoGENERAL-300x58.png\" \/>\n<meta name=\"twitter:card\" content=\"summary_large_image\" \/>\n<meta name=\"twitter:label1\" content=\"Gesch\u00e4tzte Lesezeit\" \/>\n\t<meta name=\"twitter:data1\" content=\"1\u00a0Minute\" \/>\n<script type=\"application\/ld+json\" class=\"yoast-schema-graph\">{\"@context\":\"https:\/\/schema.org\",\"@graph\":[{\"@type\":\"WebPage\",\"@id\":\"http:\/\/www.au-pair.blog\/de\/ueber-uns\/\",\"url\":\"http:\/\/www.au-pair.blog\/de\/ueber-uns\/\",\"name\":\"\u00dcber uns - Au-Pair .Blog\",\"isPartOf\":{\"@id\":\"http:\/\/www.au-pair.blog\/#website\"},\"primaryImageOfPage\":{\"@id\":\"http:\/\/www.au-pair.blog\/de\/ueber-uns\/#primaryimage\"},\"image\":{\"@id\":\"http:\/\/www.au-pair.blog\/de\/ueber-uns\/#primaryimage\"},\"thumbnailUrl\":\"http:\/\/www.au-pair.blog\/wp-content\/uploads\/2017\/09\/logoGENERAL-300x58.png\",\"datePublished\":\"2017-06-23T12:45:21+00:00\",\"dateModified\":\"2023-12-19T13:47:01+00:00\",\"breadcrumb\":{\"@id\":\"http:\/\/www.au-pair.blog\/de\/ueber-uns\/#breadcrumb\"},\"inLanguage\":\"de\",\"potentialAction\":[{\"@type\":\"ReadAction\",\"target\":[\"http:\/\/www.au-pair.blog\/de\/ueber-uns\/\"]}]},{\"@type\":\"ImageObject\",\"inLanguage\":\"de\",\"@id\":\"http:\/\/www.au-pair.blog\/de\/ueber-uns\/#primaryimage\",\"url\":\"http:\/\/www.au-pair.blog\/wp-content\/uploads\/2017\/09\/logoGENERAL-300x58.png\",\"contentUrl\":\"http:\/\/www.au-pair.blog\/wp-content\/uploads\/2017\/09\/logoGENERAL-300x58.png\"},{\"@type\":\"BreadcrumbList\",\"@id\":\"http:\/\/www.au-pair.blog\/de\/ueber-uns\/#breadcrumb\",\"itemListElement\":[{\"@type\":\"ListItem\",\"position\":1,\"name\":\"Startseite\",\"item\":\"http:\/\/www.au-pair.blog\/\"},{\"@type\":\"ListItem\",\"position\":2,\"name\":\"\u00dcber uns\"}]},{\"@type\":\"WebSite\",\"@id\":\"http:\/\/www.au-pair.blog\/#website\",\"url\":\"http:\/\/www.au-pair.blog\/\",\"name\":\"Au-Pair .Blog\",\"description\":\"Alles f\u00fcr Gastfamilien, die mit einem Au Pair leben\",\"potentialAction\":[{\"@type\":\"SearchAction\",\"target\":{\"@type\":\"EntryPoint\",\"urlTemplate\":\"http:\/\/www.au-pair.blog\/?s={search_term_string}\"},\"query-input\":{\"@type\":\"PropertyValueSpecification\",\"valueRequired\":true,\"valueName\":\"search_term_string\"}}],\"inLanguage\":\"de\"}]}<\/script>\n<!-- \/ Yoast SEO plugin. -->","yoast_head_json":{"title":"\u00dcber uns - Au-Pair .Blog","robots":{"index":"index","follow":"follow","max-snippet":"max-snippet:-1","max-image-preview":"max-image-preview:large","max-video-preview":"max-video-preview:-1"},"canonical":"http:\/\/www.au-pair.blog\/de\/ueber-uns\/","og_locale":"de_DE","og_type":"article","og_title":"\u00dcber uns - Au-Pair .Blog","og_description":"Der Inhalt dieses Blogs f\u00fcr Gastfamilien wird von der Online Matching Agentur AuPair.com geschrieben und produziert. Auf AuPair.com k\u00f6nnen sich Gastfamilien registrieren, ein Profil erstellen und weltweit nach einem Au Pair suchen. Durch t\u00e4gliche Anrufe und Emails kennen wir die Themen, die Gastfamilien wichtig sind. Dabei geht es nicht nur darum, wie das perfekte Au [&hellip;]","og_url":"http:\/\/www.au-pair.blog\/de\/ueber-uns\/","og_site_name":"Au-Pair .Blog","article_modified_time":"2023-12-19T13:47:01+00:00","og_image":[{"url":"http:\/\/www.au-pair.blog\/wp-content\/uploads\/2017\/09\/logoGENERAL-300x58.png","type":"","width":"","height":""}],"twitter_card":"summary_large_image","twitter_misc":{"Gesch\u00e4tzte Lesezeit":"1\u00a0Minute"},"schema":{"@context":"https:\/\/schema.org","@graph":[{"@type":"WebPage","@id":"http:\/\/www.au-pair.blog\/de\/ueber-uns\/","url":"http:\/\/www.au-pair.blog\/de\/ueber-uns\/","name":"\u00dcber uns - Au-Pair .Blog","isPartOf":{"@id":"http:\/\/www.au-pair.blog\/#website"},"primaryImageOfPage":{"@id":"http:\/\/www.au-pair.blog\/de\/ueber-uns\/#primaryimage"},"image":{"@id":"http:\/\/www.au-pair.blog\/de\/ueber-uns\/#primaryimage"},"thumbnailUrl":"http:\/\/www.au-pair.blog\/wp-content\/uploads\/2017\/09\/logoGENERAL-300x58.png","datePublished":"2017-06-23T12:45:21+00:00","dateModified":"2023-12-19T13:47:01+00:00","breadcrumb":{"@id":"http:\/\/www.au-pair.blog\/de\/ueber-uns\/#breadcrumb"},"inLanguage":"de","potentialAction":[{"@type":"ReadAction","target":["http:\/\/www.au-pair.blog\/de\/ueber-uns\/"]}]},{"@type":"ImageObject","inLanguage":"de","@id":"http:\/\/www.au-pair.blog\/de\/ueber-uns\/#primaryimage","url":"http:\/\/www.au-pair.blog\/wp-content\/uploads\/2017\/09\/logoGENERAL-300x58.png","contentUrl":"http:\/\/www.au-pair.blog\/wp-content\/uploads\/2017\/09\/logoGENERAL-300x58.png"},{"@type":"BreadcrumbList","@id":"http:\/\/www.au-pair.blog\/de\/ueber-uns\/#breadcrumb","itemListElement":[{"@type":"ListItem","position":1,"name":"Startseite","item":"http:\/\/www.au-pair.blog\/"},{"@type":"ListItem","position":2,"name":"\u00dcber uns"}]},{"@type":"WebSite","@id":"http:\/\/www.au-pair.blog\/#website","url":"http:\/\/www.au-pair.blog\/","name":"Au-Pair .Blog","description":"Alles f\u00fcr Gastfamilien, die mit einem Au Pair leben","potentialAction":[{"@type":"SearchAction","target":{"@type":"EntryPoint","urlTemplate":"http:\/\/www.au-pair.blog\/?s={search_term_string}"},"query-input":{"@type":"PropertyValueSpecification","valueRequired":true,"valueName":"search_term_string"}}],"inLanguage":"de"}]}},"_links":{"self":[{"href":"http:\/\/www.au-pair.blog\/de\/wp-json\/wp\/v2\/pages\/23","targetHints":{"allow":["GET"]}}],"collection":[{"href":"http:\/\/www.au-pair.blog\/de\/wp-json\/wp\/v2\/pages"}],"about":[{"href":"http:\/\/www.au-pair.blog\/de\/wp-json\/wp\/v2\/types\/page"}],"author":[{"embeddable":true,"href":"http:\/\/www.au-pair.blog\/de\/wp-json\/wp\/v2\/users\/4"}],"replies":[{"embeddable":true,"href":"http:\/\/www.au-pair.blog\/de\/wp-json\/wp\/v2\/comments?post=23"}],"version-history":[{"count":3,"href":"http:\/\/www.au-pair.blog\/de\/wp-json\/wp\/v2\/pages\/23\/revisions"}],"predecessor-version":[{"id":202,"href":"http:\/\/www.au-pair.blog\/de\/wp-json\/wp\/v2\/pages\/23\/revisions\/202"}],"wp:attachment":[{"href":"http:\/\/www.au-pair.blog\/de\/wp-json\/wp\/v2\/media?parent=23"}],"curies":[{"name":"wp","href":"https:\/\/api.w.org\/{rel}","templated":true}]}}